{"id":21,"date":"2025-12-21T17:42:36","date_gmt":"2025-12-21T17:42:36","guid":{"rendered":"https:\/\/ruskerkdenhaag.fwp.nl\/?page_id=21"},"modified":"2025-12-21T17:42:37","modified_gmt":"2025-12-21T17:42:37","slug":"de-anna-paulowna-collectie-%d0%ba%d0%be%d0%bb%d0%bb%d0%b5%d0%ba%d1%86%d0%b8%d1%8f-%d0%b0%d0%bd%d0%bd%d1%8b-%d0%bf%d0%b0%d0%b2%d0%bb%d0%be%d0%b2%d0%bd%d1%8b","status":"publish","type":"page","link":"https:\/\/ruskerkdenhaag.fwp.nl\/?page_id=21","title":{"rendered":"De Anna Paulowna Collectie \/ \u041a\u043e\u043b\u043b\u0435\u043a\u0446\u0438\u044f \u0410\u043d\u043d\u044b\u00a0\u041f\u0430\u0432\u043b\u043e\u0432\u043d\u044b"},"content":{"rendered":"\n<p><strong>Beschermde Historische Verzameling<\/strong><\/p>\n\n\n<div class=\"wp-block-image\">\n<figure class=\"alignleft\"><a href=\"https:\/\/ruskerkdenhaag.wordpress.com\/wp-content\/uploads\/2011\/09\/gouden-gerei-collectie-anna-paulowna-18181.jpg\"><img decoding=\"async\" src=\"https:\/\/ruskerkdenhaag.wordpress.com\/wp-content\/uploads\/2011\/09\/gouden-gerei-collectie-anna-paulowna-18181.jpg?w=300&amp;h=196\" alt=\"\" class=\"wp-image-284\" title=\"Gouden gerei collectie Anna Paulowna 1818\"\/><\/a><\/figure>\n<\/div>\n\n\n<p>De historische collectie religieuze objecten van Anna Paulowna bestaat uit ruim 200 stukken, waaronder iconen, bijbels, priestergewaden, kerkzilver en&nbsp;religieuze geschriften.<\/p>\n\n\n<div class=\"wp-block-image\">\n<figure class=\"alignright\"><a href=\"https:\/\/ruskerkdenhaag.wordpress.com\/wp-content\/uploads\/2011\/09\/m-magdalena1.jpg\"><img decoding=\"async\" src=\"https:\/\/ruskerkdenhaag.wordpress.com\/wp-content\/uploads\/2011\/09\/m-magdalena1.jpg?w=209&amp;h=221\" alt=\"Maria Magdalena icoon - geschenk Tsaar Nicolaas II\" class=\"wp-image-193\"\/><\/a><\/figure>\n<\/div>\n\n\n<p>De belangrijkste iconen uit zowel religieus als historisch oogpunt zijn de icoon van de heilige Apostel gelijke Maria Magdalena, hier met de vaas met mirre afgebeeld en de wonderdoende icoon van de heilige Serafim van Sarov, aan de kerk geschonken door Tsaar Nicolaas II, beide in zwaar geornamenteerde lijsten in mahonie kasten.<\/p>\n\n\n\n<p>Enkele van de gebruiksvoorwerpen worden tot op de dag van vandaag gebruikt tijdens grote feestdagen. Op deze manier wordt er voldaan aan de wens van Koningin Anna Paulowna, die zij in artikel 8 van haar testament heeft opgenomen. Namelijk de religieuze objecten bijelkaar te houden&nbsp;en te gebruiken tijdens&nbsp;het uitoevenen van de Heilige rituelen van de Orthodoxe dienst, en&nbsp;deze niet enkel als historisch erfgoed te beschouwen.<\/p>\n\n\n\n<p><em>Article 8 dispositions relatives \u00e0 ma chapelle et \u00e0 ma s\u00e9pulture. Il a toujours \u00e9t\u00e9 d\u2019usage qu\u2019il a eu une Eglise du rit Greco-Russe pr\u00e8s de la tombe des Grandes-Duchesses de Russie mortes et ensevelies \u00e0 l\u2019\u00e9tranger. C\u2019est donc dans la chapelle qui restera apr\u00e8s moi dans les Pays-Bas, que je d\u00e9sire que soient conserv\u00e9s les vases sacr\u00e9s et autres objecs destin\u00e9s au culte divin, de m\u00eame que les chasubles, sans en pouvoir jamais rien distraire, ni consid\u00e9rer comme objets d\u2019h\u00e9ritage.\u201d<\/em><\/p>\n\n\n<div class=\"wp-block-image\">\n<figure class=\"aligncenter\"><a href=\"https:\/\/ruskerkdenhaag.wordpress.com\/wp-content\/uploads\/2011\/09\/goudlamc3a9-brokaten-kazuifel-met-stola-1800.jpg\"><img decoding=\"async\" src=\"https:\/\/ruskerkdenhaag.wordpress.com\/wp-content\/uploads\/2011\/09\/goudlamc3a9-brokaten-kazuifel-met-stola-1800.jpg?w=215&amp;h=300\" alt=\"\" class=\"wp-image-305\" title=\"Goudlam\u00e9 brokaten kazuifel met stola collectie Anna Paulowna 1800\"\/><\/a><\/figure>\n<\/div>","protected":false},"excerpt":{"rendered":"<p>Beschermde Historische Verzameling De historische collectie religieuze objecten van Anna Paulowna bestaat uit ruim 200 stukken, waaronder iconen, bijbels, priestergewaden, kerkzilver en&nbsp;religieuze geschriften. De belangrijkste iconen uit zowel religieus als historisch oogpunt zijn de&#46;&#46;&#46;<\/p>\n","protected":false},"author":1,"featured_media":0,"parent":0,"menu_order":0,"comment_status":"closed","ping_status":"closed","template":"","meta":{"footnotes":""},"class_list":["post-21","page","type-page","status-publish","hentry"],"_links":{"self":[{"href":"https:\/\/ruskerkdenhaag.fwp.nl\/index.php?rest_route=\/wp\/v2\/pages\/21","targetHints":{"allow":["GET"]}}],"collection":[{"href":"https:\/\/ruskerkdenhaag.fwp.nl\/index.php?rest_route=\/wp\/v2\/pages"}],"about":[{"href":"https:\/\/ruskerkdenhaag.fwp.nl\/index.php?rest_route=\/wp\/v2\/types\/page"}],"author":[{"embeddable":true,"href":"https:\/\/ruskerkdenhaag.fwp.nl\/index.php?rest_route=\/wp\/v2\/users\/1"}],"replies":[{"embeddable":true,"href":"https:\/\/ruskerkdenhaag.fwp.nl\/index.php?rest_route=%2Fwp%2Fv2%2Fcomments&post=21"}],"version-history":[{"count":1,"href":"https:\/\/ruskerkdenhaag.fwp.nl\/index.php?rest_route=\/wp\/v2\/pages\/21\/revisions"}],"predecessor-version":[{"id":22,"href":"https:\/\/ruskerkdenhaag.fwp.nl\/index.php?rest_route=\/wp\/v2\/pages\/21\/revisions\/22"}],"wp:attachment":[{"href":"https:\/\/ruskerkdenhaag.fwp.nl\/index.php?rest_route=%2Fwp%2Fv2%2Fmedia&parent=21"}],"curies":[{"name":"wp","href":"https:\/\/api.w.org\/{rel}","templated":true}]}}