{"id":24,"date":"2025-12-21T17:43:56","date_gmt":"2025-12-21T17:43:56","guid":{"rendered":"https:\/\/ruskerkdenhaag.fwp.nl\/?page_id=24"},"modified":"2025-12-21T17:43:56","modified_gmt":"2025-12-21T17:43:56","slug":"historie-hofkapel-%d0%b8%d1%81%d1%82%d0%be%d1%80%d0%b8%d1%8f-%d1%86%d0%b5%d1%80%d0%ba%d0%b2%d0%b8","status":"publish","type":"page","link":"https:\/\/ruskerkdenhaag.fwp.nl\/?page_id=24","title":{"rendered":"Historie Hofkapel \/ \u0418\u0441\u0442\u043e\u0440\u0438\u044f\u00a0\u0446\u0435\u0440\u043a\u0432\u0438"},"content":{"rendered":"\n<p>De Russisch-Orthodoxe Kerk van de Heilige Maria Magdalena vindt haar oorsprong in het huwelijk van grootvorstin Anna Paulowna (1795-1895) met Willem Frederik George Lodewijk Prins van Oranje, de latere Koning Willem II (1792-1849), dat in 1816 werd gesloten in St. Petersburg. Het is daarmee de oudste nog actieve Russisch-orthodoxe kerk in Nederland. De traditie wilde dat de grootvorstinnen van het geslacht Romanov ook na hun huwelijk hun orthodoxie trouw bleven, om aan te geven dat men zonder meer gelijktijdig tot verschillende kerkgenootschappen kon behoren. De inrichting van een kapel, die de uitoefening van de orthodoxe eredienst mogelijk moest maken, behoorde dan ook tot de bruidsschat van de grootvorstinnen.<\/p>\n\n\n<div class=\"wp-block-image\">\n<figure class=\"alignright\"><a href=\"https:\/\/ruskerkdenhaag.wordpress.com\/wp-content\/uploads\/2011\/09\/icoon-martelares-sophie-collectie-anna-paulowna-19de-eeuw.jpg\"><img decoding=\"async\" src=\"https:\/\/ruskerkdenhaag.wordpress.com\/wp-content\/uploads\/2011\/09\/icoon-martelares-sophie-collectie-anna-paulowna-19de-eeuw.jpg?w=216&amp;h=300\" alt=\"\" class=\"wp-image-499\" title=\"Icoon martelares Sophie collectie Anna Paulowna 19de eeuw\"\/><\/a><\/figure>\n<\/div>\n\n\n<p>De bruidsschat moest er voor zorgen dat de dochters op waardige wijze konden leven in hun nieuwe vaderland, maar diende&nbsp;ook om de macht van de tsaren en het Russische rijk uit te dragen. Zo behoorden o.a. iconen, een iconostase, schitterend heilig vaatwerk, een rijk gedecoreerde garderobe voor de priester tot Anna\u2019s bruidschat. Ook een complete religieuze bibliotheek met bijbels, liturgische- en gezangboeken, uitgegeven door de synode in St. Petersburg, kwamen vanuit Rusland naar De Nederlanden.<\/p>\n\n\n\n<p>Het orthodoxe geloof speelde een grote rol in het leven van Koningin Anna Paulowna. In al haar paleizen was er dan ook een kapel ingericht, soms met een vaste iconostase met bladgouden versieringen, die geplaatst was in een tot kapel dienend vertrek zoals in het paleis van de Prins van Oranje te Brussel en het paleis Kneuterdijk in Den Haag. De beschermheilige van de Kapel van Anna Paulowna was Maria Magdalena.<\/p>\n\n\n<div class=\"wp-block-image\">\n<figure class=\"alignleft\"><a href=\"https:\/\/ruskerkdenhaag.wordpress.com\/wp-content\/uploads\/2011\/09\/hofkapel-kneuterdijk.jpg\"><img decoding=\"async\" src=\"https:\/\/ruskerkdenhaag.wordpress.com\/wp-content\/uploads\/2011\/09\/hofkapel-kneuterdijk.jpg?w=250&amp;h=300\" alt=\"\" class=\"wp-image-87\" title=\"Interieurschets hofkapel Kneuterdijk 1832\"\/><\/a><\/figure>\n<\/div>\n\n\n<p>In het Haagse paleis Kneuterdijk lag de kapel recht onder de koepel, waarbij een vaste iconostase met een balustrade ervoor de ruimte in twee\u00ebn deelde. De interieurs van de kapellen van Anna hadden alle een Italiaanse inslag. In de 18e en 19e eeuw domineerde net als in de kunst en architectuur het classicisme&nbsp;en de barok. De laatste jaren is er sprake van een terugkeer naar de byzantijnse stijl.<\/p>\n\n\n\n<p>Op paleis Soestdijk bevond de kapel&nbsp;zich in een paviljoen in het park. Wanneer Anna daar haar zomers doorbracht werd de \u00e9\u00e9nvoudige wand voorzien van de&nbsp;iconen uit de kapel van paleis Kneuterdijk. Na de dood van Koning Willem II vestigde Anna zich op paleis Buitenrust op het landgoed Sorgvliet. Op het ernaast gelegen huis Rustenburg dat Willem II in 1847 had gekocht, richtte Anna een Kapel in met de eenvoudig verplaatsbare veld-iconostase van haar broer Tsaar Alexander I. Deze iconostase, \u00e9\u00e9n van de vier veld-iconostases van Tsaar Alexander I, was een soort kamerscherm, dat al dienst had gedaan in Brussel. De inrichting van deze kapel waarin ook de iconen uit de kapellen van de paleizen te Brussel en Kneuterdijk een plaats hadden gekregen, is tot op de dag van vandaag bewaard gebleven en dient nog steeds voor de uitoefening van de orthodoxe eredienst in onze kerk.<\/p>\n\n\n\n<p>Na het overlijden van Anna is het beheer van het orthodoxe kapel overgegaan in handen van de Russische legatie. Anna had in haar testament een artikel laten op nemen over de toekomst van haar kapel<em>:\u201cArticle 8 dispositions relatives \u00e0 ma chapelle et \u00e0 ma s\u00e9pulture. Il a toujours \u00e9t\u00e9 d\u2019usage qu\u2019il a eu une Eglise du rit Greco-Russe pr\u00e8s de la tombe des Grandes-Duchesses de Russie mortes et ensevelies \u00e0 l\u2019\u00e9tranger. C\u2019est donc dans la chapelle qui restera apr\u00e8s moi dans les Pays-Bas, que je d\u00e9sire que soient conserv\u00e9s les vases sacr\u00e9s et autres objecs destin\u00e9s au culte divin, de m\u00eame que les chasubles, sans en pouvoir jamais rien distraire, ni consid\u00e9rer comme objets d\u2019h\u00e9ritage.\u201d<\/em><\/p>\n\n\n<div class=\"wp-block-image\">\n<figure class=\"alignright\"><a href=\"https:\/\/ruskerkdenhaag.wordpress.com\/wp-content\/uploads\/2011\/09\/foto-hofkapel-op-rustenburg-1900.jpg\"><img decoding=\"async\" src=\"https:\/\/ruskerkdenhaag.wordpress.com\/wp-content\/uploads\/2011\/09\/foto-hofkapel-op-rustenburg-1900.jpg?w=300&amp;h=196\" alt=\"\" class=\"wp-image-185\" title=\"foto hofkapel op Rustenburg 1900\"\/><\/a><\/figure>\n<\/div>\n\n\n<p>Toen Rustenburg plaats moest maken voor het Vredespaleis zou er een Russisch-Orthodoxe kapel op een stuk grond naast het Vredespaleis, aan de Carnegielaan, gebouwd worden. De kapel werd tijdelijk ondergebracht in een huurpand aan de Bazarstraat 9 op de hoek van de De Ruyterstraat. Na de revolutie werd duidelijk dat er geen middelen voor de bouw meer uit Rusland te verwachten waren en raakte de kas van de legatie leeg. De bouwgrond was op 15 mei 1922 verkocht en van de opbrengst werd op 13 april 1922 een huis aan de Sweelinckstraat 54 gekocht. De kapel kreeg een plaats op de eerste etage van de pastorie. Op de bovenetages werd het gezin van aartspriester Alexis Rosanoff ondergebracht. Na diens overlijden werd de verantwoordelijkheid van de parochie door monnik&nbsp;Dyonissios op zich genomen. In die tijd bleek het mogelijk het pand aan de Obrechtstraat, door de achtertuin verbonden met de pastorie, te verbouwen tot kapel. De eerste steenlegging van ons huidige kerkgebouw vond plaats op 9 juni 1937.<\/p>\n\n\n\n<p>Zo vond de veldkerk van Tsaar Alexander I, die vele jaren had gefunctioneerd in de intimiteit van Anna\u2019s paleizen nu dan uiteindelijk een meer publieke plek, een kerkgebouw met koepelgewelf en verhoogde altaarruimte met op het dak een vergulde koepel met kruis, bescheiden van omvang maar duidelijk herkenbaar als de plek waar de orthodoxe gelovigen zich thuis en welkom voelen.<\/p>\n\n\n\n<p>Vanuit dit Russische kerkje heeft de orthodoxie zich na de Tweede Wereldoorlog over Nederland verspreid. Vandaag de dag zijn er ca. 30 Russisch-Orthodoxe parochies en kloosters in Nederland, waarvan vele spirituele banden met de traditie van Anna Paulowna hebben.<\/p>\n\n\n<div class=\"wp-block-image\">\n<figure class=\"aligncenter\"><a href=\"https:\/\/ruskerkdenhaag.wordpress.com\/wp-content\/uploads\/2011\/09\/iconostase-alexander1.jpg\"><img decoding=\"async\" src=\"https:\/\/ruskerkdenhaag.wordpress.com\/wp-content\/uploads\/2011\/09\/iconostase-alexander1.jpg?w=547\" alt=\"\" class=\"wp-image-195\" title=\"Veld Iconostase Tsaar Alexander collectie Anna Paulowna 1825\"\/><\/a><\/figure>\n<\/div>","protected":false},"excerpt":{"rendered":"<p>De Russisch-Orthodoxe Kerk van de Heilige Maria Magdalena vindt haar oorsprong in het huwelijk van grootvorstin Anna Paulowna (1795-1895) met Willem Frederik George Lodewijk Prins van Oranje, de latere Koning Willem II (1792-1849), dat&#46;&#46;&#46;<\/p>\n","protected":false},"author":1,"featured_media":0,"parent":0,"menu_order":0,"comment_status":"closed","ping_status":"closed","template":"","meta":{"footnotes":""},"class_list":["post-24","page","type-page","status-publish","hentry"],"_links":{"self":[{"href":"https:\/\/ruskerkdenhaag.fwp.nl\/index.php?rest_route=\/wp\/v2\/pages\/24","targetHints":{"allow":["GET"]}}],"collection":[{"href":"https:\/\/ruskerkdenhaag.fwp.nl\/index.php?rest_route=\/wp\/v2\/pages"}],"about":[{"href":"https:\/\/ruskerkdenhaag.fwp.nl\/index.php?rest_route=\/wp\/v2\/types\/page"}],"author":[{"embeddable":true,"href":"https:\/\/ruskerkdenhaag.fwp.nl\/index.php?rest_route=\/wp\/v2\/users\/1"}],"replies":[{"embeddable":true,"href":"https:\/\/ruskerkdenhaag.fwp.nl\/index.php?rest_route=%2Fwp%2Fv2%2Fcomments&post=24"}],"version-history":[{"count":1,"href":"https:\/\/ruskerkdenhaag.fwp.nl\/index.php?rest_route=\/wp\/v2\/pages\/24\/revisions"}],"predecessor-version":[{"id":25,"href":"https:\/\/ruskerkdenhaag.fwp.nl\/index.php?rest_route=\/wp\/v2\/pages\/24\/revisions\/25"}],"wp:attachment":[{"href":"https:\/\/ruskerkdenhaag.fwp.nl\/index.php?rest_route=%2Fwp%2Fv2%2Fmedia&parent=24"}],"curies":[{"name":"wp","href":"https:\/\/api.w.org\/{rel}","templated":true}]}}