{"id":26,"date":"2025-12-21T17:44:50","date_gmt":"2025-12-21T17:44:50","guid":{"rendered":"https:\/\/ruskerkdenhaag.fwp.nl\/?page_id=26"},"modified":"2025-12-21T17:44:50","modified_gmt":"2025-12-21T17:44:50","slug":"erfgoed-%d0%bd%d0%b0%d1%81%d0%bb%d0%b5%d0%b4%d0%b8%d0%b5","status":"publish","type":"page","link":"https:\/\/ruskerkdenhaag.fwp.nl\/?page_id=26","title":{"rendered":"Erfgoed \/ \u041d\u0430\u0441\u043b\u0435\u0434\u0438\u0435"},"content":{"rendered":"<div class=\"wp-block-image\">\n<figure class=\"alignleft\"><a href=\"https:\/\/ruskerkdenhaag.wordpress.com\/wp-content\/uploads\/2011\/09\/anna-portret2.jpg\"><img decoding=\"async\" src=\"https:\/\/ruskerkdenhaag.wordpress.com\/wp-content\/uploads\/2011\/09\/anna-portret2.jpg?w=214&amp;h=322\" alt=\"\" class=\"wp-image-226\" title=\"Anna Paulowna\"\/><\/a><\/figure>\n<\/div>\n\n\n<p><strong>Levend&nbsp;Cultureel Erfgoed<\/strong><\/p>\n\n\n\n<p>Al in de Gouden Eeuw was er in Amsterdam een orthodoxe kerk, de Catharinakapel aan de Oudezijds Voorburgwal. Russen en Grieken kerkten er: handelaars en zeelui. In 1697 werkte Peter de Grote enige maanden op de Amsterdamse werf van de Vereenigde Oost-Indische Compagnie. Daar, niet in Zaandam, zou hij de scheepsbouw hebben geleerd. Ook bezocht hij de kerk.<\/p>\n\n\n\n<p>Het volgende&nbsp;belangrijke moment van orthodoxe aanwezigheid in Nederland vormde het huwelijk van Anna Paulowna met de latere koning Willem II. Het orthodoxe geloof speelde een grote rol in het leven van Koningin Anna Paulowna. Tot haar bruidsschat behoorde de inrichting van een kapel, die de uitoefening van de orthodoxe eredienst mogelijk moest maken. In al haar paleizen was er dan ook een kapel ingericht. Dat is het punt geworden van waaruit de orthodoxie zich over Nederland verspreid heeft, vooral vanaf de 20e eeuw.<\/p>\n\n\n\n<p>Dat dit erfgoed tot op de dag van vandaag levend is gebleven is te danken aan Anna Paulowna, die in haar testament een artikel had laten op nemen over de toekomst van haar kapel<em>:\u201cArticle 8 dispositions relatives \u00e0 ma chapelle et \u00e0 ma s\u00e9pulture. Il a toujours \u00e9t\u00e9 d\u2019usage qu\u2019il a eu une Eglise du rit Greco-Russe pr\u00e8s de la tombe des Grandes-Duchesses de Russie mortes et ensevelies \u00e0 l\u2019\u00e9tranger. C\u2019est donc dans la chapelle qui restera apr\u00e8s moi dans les Pays-Bas, que je d\u00e9sire que soient conserv\u00e9s les vases sacr\u00e9s et autres objecs destin\u00e9s au culte divin, de m\u00eame que les chasubles, sans en pouvoir jamais rien distraire, ni consid\u00e9rer comme objets d\u2019h\u00e9ritage.\u201d<\/em><\/p>\n","protected":false},"excerpt":{"rendered":"<p>Levend&nbsp;Cultureel Erfgoed Al in de Gouden Eeuw was er in Amsterdam een orthodoxe kerk, de Catharinakapel aan de Oudezijds Voorburgwal. Russen en Grieken kerkten er: handelaars en zeelui. In 1697 werkte Peter de Grote&#46;&#46;&#46;<\/p>\n","protected":false},"author":1,"featured_media":0,"parent":0,"menu_order":0,"comment_status":"closed","ping_status":"closed","template":"","meta":{"footnotes":""},"class_list":["post-26","page","type-page","status-publish","hentry"],"_links":{"self":[{"href":"https:\/\/ruskerkdenhaag.fwp.nl\/index.php?rest_route=\/wp\/v2\/pages\/26","targetHints":{"allow":["GET"]}}],"collection":[{"href":"https:\/\/ruskerkdenhaag.fwp.nl\/index.php?rest_route=\/wp\/v2\/pages"}],"about":[{"href":"https:\/\/ruskerkdenhaag.fwp.nl\/index.php?rest_route=\/wp\/v2\/types\/page"}],"author":[{"embeddable":true,"href":"https:\/\/ruskerkdenhaag.fwp.nl\/index.php?rest_route=\/wp\/v2\/users\/1"}],"replies":[{"embeddable":true,"href":"https:\/\/ruskerkdenhaag.fwp.nl\/index.php?rest_route=%2Fwp%2Fv2%2Fcomments&post=26"}],"version-history":[{"count":1,"href":"https:\/\/ruskerkdenhaag.fwp.nl\/index.php?rest_route=\/wp\/v2\/pages\/26\/revisions"}],"predecessor-version":[{"id":27,"href":"https:\/\/ruskerkdenhaag.fwp.nl\/index.php?rest_route=\/wp\/v2\/pages\/26\/revisions\/27"}],"wp:attachment":[{"href":"https:\/\/ruskerkdenhaag.fwp.nl\/index.php?rest_route=%2Fwp%2Fv2%2Fmedia&parent=26"}],"curies":[{"name":"wp","href":"https:\/\/api.w.org\/{rel}","templated":true}]}}